{"id":2650,"date":"2025-06-30T13:14:19","date_gmt":"2025-06-30T18:14:19","guid":{"rendered":"https:\/\/ejal.net\/?page_id=2650"},"modified":"2025-07-08T18:14:11","modified_gmt":"2025-07-08T23:14:11","slug":"zonas-francas","status":"publish","type":"page","link":"https:\/\/ejal.net\/?page_id=2650","title":{"rendered":"zonas francas"},"content":{"rendered":"\t\t<div data-elementor-type=\"wp-page\" data-elementor-id=\"2650\" class=\"elementor elementor-2650\" data-elementor-post-type=\"page\">\n\t\t\t\t<div class=\"elementor-element elementor-element-2d335ee9 e-con-full e-flex e-con e-parent\" data-id=\"2d335ee9\" data-element_type=\"container\" data-e-type=\"container\" data-settings=\"{&quot;position&quot;:&quot;fixed&quot;,&quot;background_background&quot;:&quot;classic&quot;}\">\n\t\t<div class=\"elementor-element elementor-element-294c7576 e-con-full e-flex e-con e-child\" data-id=\"294c7576\" data-element_type=\"container\" data-e-type=\"container\">\n\t\t\t\t<div class=\"elementor-element elementor-element-7b07ee98 elementor-widget elementor-widget-image\" data-id=\"7b07ee98\" data-element_type=\"widget\" data-e-type=\"widget\" data-widget_type=\"image.default\">\n\t\t\t\t<div class=\"elementor-widget-container\">\n\t\t\t\t\t\t\t\t\t\t\t\t\t\t\t\t<a href=\"https:\/\/ejal.net\/\">\n\t\t\t\t\t\t\t<img fetchpriority=\"high\" decoding=\"async\" width=\"580\" height=\"199\" src=\"https:\/\/ejal.net\/wp-content\/uploads\/2025\/04\/LOGOITIPO-EJAL-05.png\" class=\"attachment-large size-large wp-image-39\" alt=\"\" srcset=\"https:\/\/ejal.net\/wp-content\/uploads\/2025\/04\/LOGOITIPO-EJAL-05.png 580w, https:\/\/ejal.net\/wp-content\/uploads\/2025\/04\/LOGOITIPO-EJAL-05-300x103.png 300w\" sizes=\"(max-width: 580px) 100vw, 580px\" \/>\t\t\t\t\t\t\t\t<\/a>\n\t\t\t\t\t\t\t\t\t\t\t\t\t\t\t<\/div>\n\t\t\t\t<\/div>\n\t\t\t\t<\/div>\n\t\t<div class=\"elementor-element elementor-element-f6a1096 e-con-full e-flex e-con e-child\" data-id=\"f6a1096\" data-element_type=\"container\" data-e-type=\"container\">\n\t\t\t\t<div class=\"elementor-element elementor-element-3e3dba21 elementor-view-default elementor-widget elementor-widget-icon\" data-id=\"3e3dba21\" data-element_type=\"widget\" data-e-type=\"widget\" data-widget_type=\"icon.default\">\n\t\t\t\t<div class=\"elementor-widget-container\">\n\t\t\t\t\t\t\t<div class=\"elementor-icon-wrapper\">\n\t\t\t<a class=\"elementor-icon\" href=\"#elementor-action%3Aaction%3Dpopup%3Aopen%26settings%3DeyJpZCI6IjI5MCIsInRvZ2dsZSI6ZmFsc2V9\">\n\t\t\t<svg aria-hidden=\"true\" class=\"e-font-icon-svg e-fas-list\" viewBox=\"0 0 512 512\" xmlns=\"http:\/\/www.w3.org\/2000\/svg\"><path d=\"M80 368H16a16 16 0 0 0-16 16v64a16 16 0 0 0 16 16h64a16 16 0 0 0 16-16v-64a16 16 0 0 0-16-16zm0-320H16A16 16 0 0 0 0 64v64a16 16 0 0 0 16 16h64a16 16 0 0 0 16-16V64a16 16 0 0 0-16-16zm0 160H16a16 16 0 0 0-16 16v64a16 16 0 0 0 16 16h64a16 16 0 0 0 16-16v-64a16 16 0 0 0-16-16zm416 176H176a16 16 0 0 0-16 16v32a16 16 0 0 0 16 16h320a16 16 0 0 0 16-16v-32a16 16 0 0 0-16-16zm0-320H176a16 16 0 0 0-16 16v32a16 16 0 0 0 16 16h320a16 16 0 0 0 16-16V80a16 16 0 0 0-16-16zm0 160H176a16 16 0 0 0-16 16v32a16 16 0 0 0 16 16h320a16 16 0 0 0 16-16v-32a16 16 0 0 0-16-16z\"><\/path><\/svg>\t\t\t<\/a>\n\t\t<\/div>\n\t\t\t\t\t\t<\/div>\n\t\t\t\t<\/div>\n\t\t\t\t<\/div>\n\t\t\t\t<\/div>\n\t\t<div class=\"elementor-element elementor-element-29100935 e-flex e-con-boxed e-con e-parent\" data-id=\"29100935\" data-element_type=\"container\" data-e-type=\"container\" data-settings=\"{&quot;background_background&quot;:&quot;classic&quot;,&quot;shape_divider_top&quot;:&quot;mountains&quot;}\">\n\t\t\t\t\t<div class=\"e-con-inner\">\n\t\t\t\t<div class=\"elementor-shape elementor-shape-top\" aria-hidden=\"true\" data-negative=\"false\">\n\t\t\t<svg xmlns=\"http:\/\/www.w3.org\/2000\/svg\" viewBox=\"0 0 1000 100\" preserveAspectRatio=\"none\">\n\t<path class=\"elementor-shape-fill\" opacity=\"0.33\" d=\"M473,67.3c-203.9,88.3-263.1-34-320.3,0C66,119.1,0,59.7,0,59.7V0h1000v59.7 c0,0-62.1,26.1-94.9,29.3c-32.8,3.3-62.8-12.3-75.8-22.1C806,49.6,745.3,8.7,694.9,4.7S492.4,59,473,67.3z\"\/>\n\t<path class=\"elementor-shape-fill\" opacity=\"0.66\" d=\"M734,67.3c-45.5,0-77.2-23.2-129.1-39.1c-28.6-8.7-150.3-10.1-254,39.1 s-91.7-34.4-149.2,0C115.7,118.3,0,39.8,0,39.8V0h1000v36.5c0,0-28.2-18.5-92.1-18.5C810.2,18.1,775.7,67.3,734,67.3z\"\/>\n\t<path class=\"elementor-shape-fill\" d=\"M766.1,28.9c-200-57.5-266,65.5-395.1,19.5C242,1.8,242,5.4,184.8,20.6C128,35.8,132.3,44.9,89.9,52.5C28.6,63.7,0,0,0,0 h1000c0,0-9.9,40.9-83.6,48.1S829.6,47,766.1,28.9z\"\/>\n<\/svg>\t\t<\/div>\n\t\t<div class=\"elementor-element elementor-element-2dfd85cf e-con-full e-flex e-con e-child\" data-id=\"2dfd85cf\" data-element_type=\"container\" data-e-type=\"container\" data-settings=\"{&quot;sticky&quot;:&quot;top&quot;,&quot;sticky_parent&quot;:&quot;yes&quot;,&quot;sticky_on&quot;:[&quot;desktop&quot;,&quot;tablet&quot;],&quot;sticky_offset&quot;:0,&quot;sticky_effects_offset&quot;:0,&quot;sticky_anchor_link_offset&quot;:0}\">\n\t\t\t\t<div class=\"elementor-element elementor-element-6bbc143 elementor-widget elementor-widget-spacer\" data-id=\"6bbc143\" data-element_type=\"widget\" data-e-type=\"widget\" data-widget_type=\"spacer.default\">\n\t\t\t\t<div class=\"elementor-widget-container\">\n\t\t\t\t\t\t\t<div class=\"elementor-spacer\">\n\t\t\t<div class=\"elementor-spacer-inner\"><\/div>\n\t\t<\/div>\n\t\t\t\t\t\t<\/div>\n\t\t\t\t<\/div>\n\t\t\t\t<div class=\"elementor-element elementor-element-2bbe7067 elementor-widget elementor-widget-html\" data-id=\"2bbe7067\" data-element_type=\"widget\" data-e-type=\"widget\" data-widget_type=\"html.default\">\n\t\t\t\t<div class=\"elementor-widget-container\">\n\t\t\t\t\t<script>\r\n    document.addEventListener(\"DOMContentLoaded\", function() {\r\n        const tbtns = document.querySelectorAll(\".btn1 a\");\r\n\r\n        \/\/ Loop through all elements with class .btn a\r\n        tbtns.forEach(function(tbtn) {\r\n            const style = window.getComputedStyle(tbtn);\r\n            const tbtnWidthWithoutPadding = tbtn.offsetWidth - parseFloat(style.paddingLeft) - parseFloat(style.paddingRight);\r\n\r\n            const icon = tbtn.querySelector(\".elementor-button-icon\");\r\n            const iconStyle = window.getComputedStyle(icon);\r\n            const iconWidth = icon.offsetWidth;\r\n\r\n            \/\/ Calculate the padding and margin values\r\n            const paddingToAdd = tbtnWidthWithoutPadding - iconWidth;\r\n            const newPaddingLeft = parseFloat(iconStyle.paddingLeft) + paddingToAdd;\r\n\r\n            \/\/ Add hover event listener to each tbtn\r\n            tbtn.addEventListener('mouseover', function() {\r\n                \/\/ Apply the padding and negative margin when hovering\r\n                icon.style.paddingLeft = `${newPaddingLeft}px`;\r\n                icon.style.marginLeft = `-${paddingToAdd}px`;\r\n            });\r\n\r\n            \/\/ Remove the padding and negative margin when hover ends\r\n            tbtn.addEventListener('mouseout', function() {\r\n                \/\/ Reset the styles when the mouse leaves\r\n                icon.style.paddingLeft = '';  \/\/ Reset to original padding\r\n                icon.style.marginLeft = '';   \/\/ Reset to original margin\r\n            });\r\n        });\r\n    });\r\n<\/script>\r\n\t\t\t\t<\/div>\n\t\t\t\t<\/div>\n\t\t\t\t<div class=\"elementor-element elementor-element-42c6360c elementor-widget elementor-widget-heading\" data-id=\"42c6360c\" data-element_type=\"widget\" data-e-type=\"widget\" data-widget_type=\"heading.default\">\n\t\t\t\t<div class=\"elementor-widget-container\">\n\t\t\t\t\t<h2 class=\"elementor-heading-title elementor-size-default\">Especialidad en la <\/h2>\t\t\t\t<\/div>\n\t\t\t\t<\/div>\n\t\t\t\t<div class=\"elementor-element elementor-element-61098c44 elementor-widget elementor-widget-heading\" data-id=\"61098c44\" data-element_type=\"widget\" data-e-type=\"widget\" data-widget_type=\"heading.default\">\n\t\t\t\t<div class=\"elementor-widget-container\">\n\t\t\t\t\t<h2 class=\"elementor-heading-title elementor-size-default\">Conformaci\u00f3n Integral de Zonas Francas\n<\/h2>\t\t\t\t<\/div>\n\t\t\t\t<\/div>\n\t\t\t\t<div class=\"elementor-element elementor-element-b86c2d2 elementor-widget elementor-widget-text-editor\" data-id=\"b86c2d2\" data-element_type=\"widget\" data-e-type=\"widget\" data-widget_type=\"text-editor.default\">\n\t\t\t\t<div class=\"elementor-widget-container\">\n\t\t\t\t\t\t\t\t\t<p>EJAL S.A. cuenta, desde 1991, con una trayectoria reconocida en el dise\u00f1o, estructuraci\u00f3n e implementaci\u00f3n de zonas francas, consolid\u00e1ndose como la consultora l\u00edder en esta materia en Ecuador. Nuestro servicio cubre todas las fases del proceso, desde la concepci\u00f3n del proyecto hasta su operaci\u00f3n, incluyendo el modelo de negocio, estudios t\u00e9cnicos, calificaci\u00f3n de usuarios, promoci\u00f3n y herramientas tecnol\u00f3gicas de gesti\u00f3n.<\/p>\t\t\t\t\t\t\t\t<\/div>\n\t\t\t\t<\/div>\n\t\t\t\t<div class=\"elementor-element elementor-element-15611ed6 elementor-hidden-mobile elementor-widget elementor-widget-spacer\" data-id=\"15611ed6\" data-element_type=\"widget\" data-e-type=\"widget\" data-widget_type=\"spacer.default\">\n\t\t\t\t<div class=\"elementor-widget-container\">\n\t\t\t\t\t\t\t<div class=\"elementor-spacer\">\n\t\t\t<div class=\"elementor-spacer-inner\"><\/div>\n\t\t<\/div>\n\t\t\t\t\t\t<\/div>\n\t\t\t\t<\/div>\n\t\t\t\t<\/div>\n\t\t<div class=\"elementor-element elementor-element-2163a9a0 e-con-full e-flex e-con e-child\" data-id=\"2163a9a0\" data-element_type=\"container\" data-e-type=\"container\">\n\t\t\t\t<div class=\"elementor-element elementor-element-74fd4326 elementor-widget elementor-widget-spacer\" data-id=\"74fd4326\" data-element_type=\"widget\" data-e-type=\"widget\" data-widget_type=\"spacer.default\">\n\t\t\t\t<div class=\"elementor-widget-container\">\n\t\t\t\t\t\t\t<div class=\"elementor-spacer\">\n\t\t\t<div class=\"elementor-spacer-inner\"><\/div>\n\t\t<\/div>\n\t\t\t\t\t\t<\/div>\n\t\t\t\t<\/div>\n\t\t\t\t<div class=\"elementor-element elementor-element-20ac9514 elementor-widget elementor-widget-image\" data-id=\"20ac9514\" data-element_type=\"widget\" data-e-type=\"widget\" data-widget_type=\"image.default\">\n\t\t\t\t<div class=\"elementor-widget-container\">\n\t\t\t\t\t\t\t\t\t\t\t\t\t\t\t<img decoding=\"async\" width=\"800\" height=\"671\" src=\"https:\/\/ejal.net\/wp-content\/uploads\/2025\/07\/Division-Consultoria-Ejal-5725_20250705_104632_0000_page-0002-1024x859.jpg\" class=\"attachment-large size-large wp-image-2703\" alt=\"\" srcset=\"https:\/\/ejal.net\/wp-content\/uploads\/2025\/07\/Division-Consultoria-Ejal-5725_20250705_104632_0000_page-0002-1024x859.jpg 1024w, https:\/\/ejal.net\/wp-content\/uploads\/2025\/07\/Division-Consultoria-Ejal-5725_20250705_104632_0000_page-0002-300x252.jpg 300w, https:\/\/ejal.net\/wp-content\/uploads\/2025\/07\/Division-Consultoria-Ejal-5725_20250705_104632_0000_page-0002-768x644.jpg 768w, https:\/\/ejal.net\/wp-content\/uploads\/2025\/07\/Division-Consultoria-Ejal-5725_20250705_104632_0000_page-0002.jpg 1469w\" sizes=\"(max-width: 800px) 100vw, 800px\" \/>\t\t\t\t\t\t\t\t\t\t\t\t\t\t\t<\/div>\n\t\t\t\t<\/div>\n\t\t\t\t<div class=\"elementor-element elementor-element-b1ec720 elementor-widget elementor-widget-text-editor\" data-id=\"b1ec720\" data-element_type=\"widget\" data-e-type=\"widget\" data-widget_type=\"text-editor.default\">\n\t\t\t\t<div class=\"elementor-widget-container\">\n\t\t\t\t\t\t\t\t\t<p>Asesoramos en la identificaci\u00f3n de oportunidades y dise\u00f1o de modelos de negocio para zonas industriales, log\u00edsticas, comerciales, tur\u00edsticas, hospitalarias o mixtas, alineadas con pol\u00edticas de desarrollo y tendencias del comercio internacional.<\/p>\t\t\t\t\t\t\t\t<\/div>\n\t\t\t\t<\/div>\n\t\t\t\t<div class=\"elementor-element elementor-element-1acac78e elementor-widget elementor-widget-spacer\" data-id=\"1acac78e\" data-element_type=\"widget\" data-e-type=\"widget\" data-widget_type=\"spacer.default\">\n\t\t\t\t<div class=\"elementor-widget-container\">\n\t\t\t\t\t\t\t<div class=\"elementor-spacer\">\n\t\t\t<div class=\"elementor-spacer-inner\"><\/div>\n\t\t<\/div>\n\t\t\t\t\t\t<\/div>\n\t\t\t\t<\/div>\n\t\t\t\t<div class=\"elementor-element elementor-element-35d769e5 elementor-widget elementor-widget-image\" data-id=\"35d769e5\" data-element_type=\"widget\" data-e-type=\"widget\" data-widget_type=\"image.default\">\n\t\t\t\t<div class=\"elementor-widget-container\">\n\t\t\t\t\t\t\t\t\t\t\t\t\t\t\t<img decoding=\"async\" width=\"800\" height=\"671\" src=\"https:\/\/ejal.net\/wp-content\/uploads\/2025\/07\/Division-Consultoria-Ejal-5725_20250705_104632_0000_page-0003-1024x859.jpg\" class=\"attachment-large size-large wp-image-2704\" alt=\"\" srcset=\"https:\/\/ejal.net\/wp-content\/uploads\/2025\/07\/Division-Consultoria-Ejal-5725_20250705_104632_0000_page-0003-1024x859.jpg 1024w, https:\/\/ejal.net\/wp-content\/uploads\/2025\/07\/Division-Consultoria-Ejal-5725_20250705_104632_0000_page-0003-300x252.jpg 300w, https:\/\/ejal.net\/wp-content\/uploads\/2025\/07\/Division-Consultoria-Ejal-5725_20250705_104632_0000_page-0003-768x644.jpg 768w, https:\/\/ejal.net\/wp-content\/uploads\/2025\/07\/Division-Consultoria-Ejal-5725_20250705_104632_0000_page-0003.jpg 1469w\" sizes=\"(max-width: 800px) 100vw, 800px\" \/>\t\t\t\t\t\t\t\t\t\t\t\t\t\t\t<\/div>\n\t\t\t\t<\/div>\n\t\t\t\t<div class=\"elementor-element elementor-element-2c886b15 elementor-widget elementor-widget-text-editor\" data-id=\"2c886b15\" data-element_type=\"widget\" data-e-type=\"widget\" data-widget_type=\"text-editor.default\">\n\t\t\t\t<div class=\"elementor-widget-container\">\n\t\t\t\t\t\t\t\t\t<p>Asesoramos en la identificaci\u00f3n de oportunidades y dise\u00f1o de modelos de negocio para zonas industriales, log\u00edsticas, comerciales, tur\u00edsticas, hospitalarias o mixtas, alineadas con pol\u00edticas de desarrollo y tendencias del comercio internacional.<\/p>\t\t\t\t\t\t\t\t<\/div>\n\t\t\t\t<\/div>\n\t\t\t\t<div class=\"elementor-element elementor-element-65bd52ec elementor-widget elementor-widget-spacer\" data-id=\"65bd52ec\" data-element_type=\"widget\" data-e-type=\"widget\" data-widget_type=\"spacer.default\">\n\t\t\t\t<div class=\"elementor-widget-container\">\n\t\t\t\t\t\t\t<div class=\"elementor-spacer\">\n\t\t\t<div class=\"elementor-spacer-inner\"><\/div>\n\t\t<\/div>\n\t\t\t\t\t\t<\/div>\n\t\t\t\t<\/div>\n\t\t\t\t<div class=\"elementor-element elementor-element-48acacb2 elementor-widget elementor-widget-image\" data-id=\"48acacb2\" data-element_type=\"widget\" data-e-type=\"widget\" data-widget_type=\"image.default\">\n\t\t\t\t<div class=\"elementor-widget-container\">\n\t\t\t\t\t\t\t\t\t\t\t\t\t\t\t<img loading=\"lazy\" decoding=\"async\" width=\"800\" height=\"671\" src=\"https:\/\/ejal.net\/wp-content\/uploads\/2025\/07\/Division-Consultoria-Ejal-5725_20250705_104632_0000_page-0004-1024x859.jpg\" class=\"attachment-large size-large wp-image-2705\" alt=\"\" srcset=\"https:\/\/ejal.net\/wp-content\/uploads\/2025\/07\/Division-Consultoria-Ejal-5725_20250705_104632_0000_page-0004-1024x859.jpg 1024w, https:\/\/ejal.net\/wp-content\/uploads\/2025\/07\/Division-Consultoria-Ejal-5725_20250705_104632_0000_page-0004-300x252.jpg 300w, https:\/\/ejal.net\/wp-content\/uploads\/2025\/07\/Division-Consultoria-Ejal-5725_20250705_104632_0000_page-0004-768x644.jpg 768w, https:\/\/ejal.net\/wp-content\/uploads\/2025\/07\/Division-Consultoria-Ejal-5725_20250705_104632_0000_page-0004.jpg 1469w\" sizes=\"(max-width: 800px) 100vw, 800px\" \/>\t\t\t\t\t\t\t\t\t\t\t\t\t\t\t<\/div>\n\t\t\t\t<\/div>\n\t\t\t\t<div class=\"elementor-element elementor-element-677ed0d9 elementor-widget elementor-widget-text-editor\" data-id=\"677ed0d9\" data-element_type=\"widget\" data-e-type=\"widget\" data-widget_type=\"text-editor.default\">\n\t\t\t\t<div class=\"elementor-widget-container\">\n\t\t\t\t\t\t\t\t\t<p>Acompa\u00f1amos en la tramitaci\u00f3n de la declaratoria, licencias, permisos y calificaciones necesarias para el establecimiento y operaci\u00f3n de la zona franca, con amplia experiencia ante autoridades regulatorias.<\/p>\t\t\t\t\t\t\t\t<\/div>\n\t\t\t\t<\/div>\n\t\t\t\t<div class=\"elementor-element elementor-element-5d0c03f1 elementor-widget elementor-widget-spacer\" data-id=\"5d0c03f1\" data-element_type=\"widget\" data-e-type=\"widget\" data-widget_type=\"spacer.default\">\n\t\t\t\t<div class=\"elementor-widget-container\">\n\t\t\t\t\t\t\t<div class=\"elementor-spacer\">\n\t\t\t<div class=\"elementor-spacer-inner\"><\/div>\n\t\t<\/div>\n\t\t\t\t\t\t<\/div>\n\t\t\t\t<\/div>\n\t\t\t\t<div class=\"elementor-element elementor-element-3b88994 elementor-widget elementor-widget-image\" data-id=\"3b88994\" data-element_type=\"widget\" data-e-type=\"widget\" data-widget_type=\"image.default\">\n\t\t\t\t<div class=\"elementor-widget-container\">\n\t\t\t\t\t\t\t\t\t\t\t\t\t\t\t<img loading=\"lazy\" decoding=\"async\" width=\"800\" height=\"671\" src=\"https:\/\/ejal.net\/wp-content\/uploads\/2025\/07\/Division-Consultoria-Ejal-5725_20250705_104632_0000_page-0005-1024x859.jpg\" class=\"attachment-large size-large wp-image-2706\" alt=\"\" srcset=\"https:\/\/ejal.net\/wp-content\/uploads\/2025\/07\/Division-Consultoria-Ejal-5725_20250705_104632_0000_page-0005-1024x859.jpg 1024w, https:\/\/ejal.net\/wp-content\/uploads\/2025\/07\/Division-Consultoria-Ejal-5725_20250705_104632_0000_page-0005-300x252.jpg 300w, https:\/\/ejal.net\/wp-content\/uploads\/2025\/07\/Division-Consultoria-Ejal-5725_20250705_104632_0000_page-0005-768x644.jpg 768w, https:\/\/ejal.net\/wp-content\/uploads\/2025\/07\/Division-Consultoria-Ejal-5725_20250705_104632_0000_page-0005.jpg 1469w\" sizes=\"(max-width: 800px) 100vw, 800px\" \/>\t\t\t\t\t\t\t\t\t\t\t\t\t\t\t<\/div>\n\t\t\t\t<\/div>\n\t\t\t\t<div class=\"elementor-element elementor-element-2c32bb21 elementor-widget elementor-widget-text-editor\" data-id=\"2c32bb21\" data-element_type=\"widget\" data-e-type=\"widget\" data-widget_type=\"text-editor.default\">\n\t\t\t\t<div class=\"elementor-widget-container\">\n\t\t\t\t\t\t\t\t\t<p>Dise\u00f1amos el esquema de gobernanza, procesos internos y estructura operativa de la entidad administradora. Implementamos software especializado para el control de operaciones, usuarios, beneficios e informes regulatorios.<\/p>\t\t\t\t\t\t\t\t<\/div>\n\t\t\t\t<\/div>\n\t\t\t\t<div class=\"elementor-element elementor-element-5881e2f5 elementor-widget elementor-widget-spacer\" data-id=\"5881e2f5\" data-element_type=\"widget\" data-e-type=\"widget\" data-widget_type=\"spacer.default\">\n\t\t\t\t<div class=\"elementor-widget-container\">\n\t\t\t\t\t\t\t<div class=\"elementor-spacer\">\n\t\t\t<div class=\"elementor-spacer-inner\"><\/div>\n\t\t<\/div>\n\t\t\t\t\t\t<\/div>\n\t\t\t\t<\/div>\n\t\t\t\t<div class=\"elementor-element elementor-element-6e9f13d elementor-widget elementor-widget-image\" data-id=\"6e9f13d\" data-element_type=\"widget\" data-e-type=\"widget\" data-widget_type=\"image.default\">\n\t\t\t\t<div class=\"elementor-widget-container\">\n\t\t\t\t\t\t\t\t\t\t\t\t\t\t\t<img loading=\"lazy\" decoding=\"async\" width=\"800\" height=\"671\" src=\"https:\/\/ejal.net\/wp-content\/uploads\/2025\/07\/Division-Consultoria-Ejal-5725_20250705_104632_0000_page-0006-1024x859.jpg\" class=\"attachment-large size-large wp-image-2707\" alt=\"\" srcset=\"https:\/\/ejal.net\/wp-content\/uploads\/2025\/07\/Division-Consultoria-Ejal-5725_20250705_104632_0000_page-0006-1024x859.jpg 1024w, https:\/\/ejal.net\/wp-content\/uploads\/2025\/07\/Division-Consultoria-Ejal-5725_20250705_104632_0000_page-0006-300x252.jpg 300w, https:\/\/ejal.net\/wp-content\/uploads\/2025\/07\/Division-Consultoria-Ejal-5725_20250705_104632_0000_page-0006-768x644.jpg 768w, https:\/\/ejal.net\/wp-content\/uploads\/2025\/07\/Division-Consultoria-Ejal-5725_20250705_104632_0000_page-0006.jpg 1469w\" sizes=\"(max-width: 800px) 100vw, 800px\" \/>\t\t\t\t\t\t\t\t\t\t\t\t\t\t\t<\/div>\n\t\t\t\t<\/div>\n\t\t\t\t<div class=\"elementor-element elementor-element-3d35241b elementor-widget elementor-widget-text-editor\" data-id=\"3d35241b\" data-element_type=\"widget\" data-e-type=\"widget\" data-widget_type=\"text-editor.default\">\n\t\t\t\t<div class=\"elementor-widget-container\">\n\t\t\t\t\t\t\t\t\t<p>Brindamos soporte en la atracci\u00f3n y calificaci\u00f3n de empresas usuarias, tanto nacionales como extranjeras, incluyendo revisi\u00f3n documental, asesor\u00eda legal y formalizaci\u00f3n de convenios.<\/p>\t\t\t\t\t\t\t\t<\/div>\n\t\t\t\t<\/div>\n\t\t\t\t<div class=\"elementor-element elementor-element-e70615b elementor-widget elementor-widget-spacer\" data-id=\"e70615b\" data-element_type=\"widget\" data-e-type=\"widget\" data-widget_type=\"spacer.default\">\n\t\t\t\t<div class=\"elementor-widget-container\">\n\t\t\t\t\t\t\t<div class=\"elementor-spacer\">\n\t\t\t<div class=\"elementor-spacer-inner\"><\/div>\n\t\t<\/div>\n\t\t\t\t\t\t<\/div>\n\t\t\t\t<\/div>\n\t\t\t\t<div class=\"elementor-element elementor-element-41543e5 elementor-widget elementor-widget-image\" data-id=\"41543e5\" data-element_type=\"widget\" data-e-type=\"widget\" data-widget_type=\"image.default\">\n\t\t\t\t<div class=\"elementor-widget-container\">\n\t\t\t\t\t\t\t\t\t\t\t\t\t\t\t<img loading=\"lazy\" decoding=\"async\" width=\"800\" height=\"671\" src=\"https:\/\/ejal.net\/wp-content\/uploads\/2025\/07\/Imagen-de-WhatsApp-2025-07-07-a-las-07.11.22_5eb06cee-1024x859.jpg\" class=\"attachment-large size-large wp-image-2790\" alt=\"\" srcset=\"https:\/\/ejal.net\/wp-content\/uploads\/2025\/07\/Imagen-de-WhatsApp-2025-07-07-a-las-07.11.22_5eb06cee-1024x859.jpg 1024w, https:\/\/ejal.net\/wp-content\/uploads\/2025\/07\/Imagen-de-WhatsApp-2025-07-07-a-las-07.11.22_5eb06cee-300x252.jpg 300w, https:\/\/ejal.net\/wp-content\/uploads\/2025\/07\/Imagen-de-WhatsApp-2025-07-07-a-las-07.11.22_5eb06cee-768x644.jpg 768w, https:\/\/ejal.net\/wp-content\/uploads\/2025\/07\/Imagen-de-WhatsApp-2025-07-07-a-las-07.11.22_5eb06cee.jpg 1469w\" sizes=\"(max-width: 800px) 100vw, 800px\" \/>\t\t\t\t\t\t\t\t\t\t\t\t\t\t\t<\/div>\n\t\t\t\t<\/div>\n\t\t\t\t<div class=\"elementor-element elementor-element-b48c86b elementor-widget elementor-widget-text-editor\" data-id=\"b48c86b\" data-element_type=\"widget\" data-e-type=\"widget\" data-widget_type=\"text-editor.default\">\n\t\t\t\t<div class=\"elementor-widget-container\">\n\t\t\t\t\t\t\t\t\t<p>Ejecutamos estrategias de posicionamiento de la zona franca en ferias, eventos empresariales, plataformas digitales y redes internacionales de inversi\u00f3n, facilitando el contacto con potenciales operadores y clientes.<\/p>\t\t\t\t\t\t\t\t<\/div>\n\t\t\t\t<\/div>\n\t\t\t\t<div class=\"elementor-element elementor-element-66439834 elementor-widget elementor-widget-spacer\" data-id=\"66439834\" data-element_type=\"widget\" data-e-type=\"widget\" data-widget_type=\"spacer.default\">\n\t\t\t\t<div class=\"elementor-widget-container\">\n\t\t\t\t\t\t\t<div class=\"elementor-spacer\">\n\t\t\t<div class=\"elementor-spacer-inner\"><\/div>\n\t\t<\/div>\n\t\t\t\t\t\t<\/div>\n\t\t\t\t<\/div>\n\t\t\t\t<div class=\"elementor-element elementor-element-dbdbb99 elementor-widget elementor-widget-image\" data-id=\"dbdbb99\" data-element_type=\"widget\" data-e-type=\"widget\" data-widget_type=\"image.default\">\n\t\t\t\t<div class=\"elementor-widget-container\">\n\t\t\t\t\t\t\t\t\t\t\t\t\t\t\t<img loading=\"lazy\" decoding=\"async\" width=\"800\" height=\"671\" src=\"https:\/\/ejal.net\/wp-content\/uploads\/2025\/07\/Division-Consultoria-Ejal-5725_20250705_104632_0000_page-0008-1024x859.jpg\" class=\"attachment-large size-large wp-image-2700\" alt=\"\" srcset=\"https:\/\/ejal.net\/wp-content\/uploads\/2025\/07\/Division-Consultoria-Ejal-5725_20250705_104632_0000_page-0008-1024x859.jpg 1024w, https:\/\/ejal.net\/wp-content\/uploads\/2025\/07\/Division-Consultoria-Ejal-5725_20250705_104632_0000_page-0008-300x252.jpg 300w, https:\/\/ejal.net\/wp-content\/uploads\/2025\/07\/Division-Consultoria-Ejal-5725_20250705_104632_0000_page-0008-768x644.jpg 768w, https:\/\/ejal.net\/wp-content\/uploads\/2025\/07\/Division-Consultoria-Ejal-5725_20250705_104632_0000_page-0008.jpg 1469w\" sizes=\"(max-width: 800px) 100vw, 800px\" \/>\t\t\t\t\t\t\t\t\t\t\t\t\t\t\t<\/div>\n\t\t\t\t<\/div>\n\t\t\t\t<div class=\"elementor-element elementor-element-ba25549 elementor-widget elementor-widget-text-editor\" data-id=\"ba25549\" data-element_type=\"widget\" data-e-type=\"widget\" data-widget_type=\"text-editor.default\">\n\t\t\t\t<div class=\"elementor-widget-container\">\n\t\t\t\t\t\t\t\t\t<p>Ofrecemos un servicio integral, que garantiza zonas francas completamente estructuradas, funcionales y listas para operar, con enfoque en sostenibilidad, eficiencia operativa y atracci\u00f3n\u00a0de\u00a0inversi\u00f3n.<\/p>\t\t\t\t\t\t\t\t<\/div>\n\t\t\t\t<\/div>\n\t\t\t\t<div class=\"elementor-element elementor-element-581230d elementor-widget elementor-widget-spacer\" data-id=\"581230d\" data-element_type=\"widget\" data-e-type=\"widget\" data-widget_type=\"spacer.default\">\n\t\t\t\t<div class=\"elementor-widget-container\">\n\t\t\t\t\t\t\t<div class=\"elementor-spacer\">\n\t\t\t<div class=\"elementor-spacer-inner\"><\/div>\n\t\t<\/div>\n\t\t\t\t\t\t<\/div>\n\t\t\t\t<\/div>\n\t\t\t\t<\/div>\n\t\t\t\t\t<\/div>\n\t\t\t\t<\/div>\n\t\t\t\t<\/div>\n\t\t","protected":false},"excerpt":{"rendered":"<p>Especialidad en la Conformaci\u00f3n Integral de Zonas Francas EJAL S.A. cuenta, desde 1991, con una trayectoria reconocida en el dise\u00f1o, estructuraci\u00f3n e implementaci\u00f3n de zonas francas, consolid\u00e1ndose como la consultora l\u00edder en esta materia en Ecuador. Nuestro servicio cubre todas las fases del proceso, desde la concepci\u00f3n del proyecto hasta su operaci\u00f3n, incluyendo el modelo [&hellip;]<\/p>\n","protected":false},"author":1,"featured_media":0,"parent":0,"menu_order":0,"comment_status":"closed","ping_status":"closed","template":"","meta":{"footnotes":""},"class_list":["post-2650","page","type-page","status-publish","hentry"],"_links":{"self":[{"href":"https:\/\/ejal.net\/index.php?rest_route=\/wp\/v2\/pages\/2650","targetHints":{"allow":["GET"]}}],"collection":[{"href":"https:\/\/ejal.net\/index.php?rest_route=\/wp\/v2\/pages"}],"about":[{"href":"https:\/\/ejal.net\/index.php?rest_route=\/wp\/v2\/types\/page"}],"author":[{"embeddable":true,"href":"https:\/\/ejal.net\/index.php?rest_route=\/wp\/v2\/users\/1"}],"replies":[{"embeddable":true,"href":"https:\/\/ejal.net\/index.php?rest_route=%2Fwp%2Fv2%2Fcomments&post=2650"}],"version-history":[{"count":19,"href":"https:\/\/ejal.net\/index.php?rest_route=\/wp\/v2\/pages\/2650\/revisions"}],"predecessor-version":[{"id":2793,"href":"https:\/\/ejal.net\/index.php?rest_route=\/wp\/v2\/pages\/2650\/revisions\/2793"}],"wp:attachment":[{"href":"https:\/\/ejal.net\/index.php?rest_route=%2Fwp%2Fv2%2Fmedia&parent=2650"}],"curies":[{"name":"wp","href":"https:\/\/api.w.org\/{rel}","templated":true}]}}